{"id":156,"date":"2024-01-30T14:54:38","date_gmt":"2024-01-30T17:54:38","guid":{"rendered":"https:\/\/www.supertraction.com.br\/site\/?post_type=product&#038;p=156"},"modified":"2024-11-12T20:18:23","modified_gmt":"2024-11-12T23:18:23","slug":"tracao-4x4-para-colheitadeiras-valtra","status":"publish","type":"product","link":"https:\/\/www.supertraction.com.br\/site\/product\/tracao-4x4-para-colheitadeiras-valtra\/","title":{"rendered":"Tra\u00e7\u00e3o 4X4 para colheitadeiras VALTRA"},"content":{"rendered":"<p>Buscando a necessidade de melhor rendimento para a colheita da lavoura em qualquer terreno, a empresa SUPERTRACTION desenvolveu o primeiro sistema de tra\u00e7\u00e3o 4\u00d74 em colheitadeiras com transmiss\u00e3o hidrost\u00e1tica nacional. Usando tecnologia de ponta, esse sistema conta com in\u00fameras vantagens em rela\u00e7\u00e3o \u00e0s tra\u00e7\u00f5es mec\u00e2nicas e originais hidro. Exclusivo bloqueio patenteado hidrost\u00e1tico no eixo traseiro.<\/p>\n<div class=\"foogallery foogallery-container foogallery-default foogallery-lightbox-foobox fg-gutter-10 fg-center fg-default fg-light fg-border-medium fg-round-large fg-shadow-medium fg-shadow-inset-small fg-loading-default fg-loaded-fade-in fg-custom fg-hover-grayscale fg-hover-scale fg-caption-hover fg-hover-fade fg-hover-zoom\" id=\"foogallery-gallery-223\" data-foogallery=\"{&quot;item&quot;:{&quot;showCaptionTitle&quot;:true,&quot;showCaptionDescription&quot;:true},&quot;lazy&quot;:true,&quot;src&quot;:&quot;data-src-fg&quot;,&quot;srcset&quot;:&quot;data-srcset-fg&quot;}\" data-fg-common-fields=\"1\" >\n\t<div class=\"fg-item\"><figure class=\"fg-item-inner\"><a  href=\"https:\/\/www.supertraction.com.br\/site\/wp-content\/uploads\/2022\/11\/VALTRA.jpg\" data-attachment-id=\"85\" class=\" fg-thumb\"><img  width=\"200\" height=\"150\" data-src-fg=\"https:\/\/www.supertraction.com.br\/site\/wp-content\/uploads\/cache\/2022\/11\/VALTRA\/1720309821.jpg\" class=\"fg-image\" \/><\/a><figcaption class=\"fg-caption\"><div class=\"fg-caption-inner\"><\/div><\/figcaption><\/figure><\/div><div class=\"fg-item\"><figure class=\"fg-item-inner\"><a  href=\"https:\/\/www.supertraction.com.br\/site\/wp-content\/uploads\/2022\/11\/MG_0102.png\" data-attachment-id=\"204\" class=\" fg-thumb\"><img  width=\"200\" height=\"150\" data-src-fg=\"https:\/\/www.supertraction.com.br\/site\/wp-content\/uploads\/cache\/2022\/11\/MG_0102\/580047410.png\" class=\"fg-image\" \/><\/a><figcaption class=\"fg-caption\"><div class=\"fg-caption-inner\"><\/div><\/figcaption><\/figure><\/div><div class=\"fg-item\"><figure class=\"fg-item-inner\"><a  href=\"https:\/\/www.supertraction.com.br\/site\/wp-content\/uploads\/2022\/11\/MG_0102-2.png\" data-attachment-id=\"205\" class=\" fg-thumb\"><img  width=\"200\" height=\"150\" data-src-fg=\"https:\/\/www.supertraction.com.br\/site\/wp-content\/uploads\/cache\/2022\/11\/MG_0102-2\/362149176.png\" class=\"fg-image\" \/><\/a><figcaption class=\"fg-caption\"><div class=\"fg-caption-inner\"><\/div><\/figcaption><\/figure><\/div><div class=\"fg-item\"><figure class=\"fg-item-inner\"><a  href=\"https:\/\/www.supertraction.com.br\/site\/wp-content\/uploads\/2022\/11\/MG_0107.png\" data-attachment-id=\"206\" class=\" fg-thumb\"><img  width=\"200\" height=\"150\" data-src-fg=\"https:\/\/www.supertraction.com.br\/site\/wp-content\/uploads\/cache\/2022\/11\/MG_0107\/1098035620.png\" class=\"fg-image\" \/><\/a><figcaption class=\"fg-caption\"><div class=\"fg-caption-inner\"><\/div><\/figcaption><\/figure><\/div><div class=\"fg-item\"><figure class=\"fg-item-inner\"><a  href=\"https:\/\/www.supertraction.com.br\/site\/wp-content\/uploads\/2022\/11\/MG_0113.png\" data-attachment-id=\"207\" class=\" fg-thumb\"><img  width=\"200\" height=\"150\" data-src-fg=\"https:\/\/www.supertraction.com.br\/site\/wp-content\/uploads\/cache\/2022\/11\/MG_0113\/3351485924.png\" class=\"fg-image\" \/><\/a><figcaption class=\"fg-caption\"><div class=\"fg-caption-inner\"><\/div><\/figcaption><\/figure><\/div><div class=\"fg-item\"><figure class=\"fg-item-inner\"><a  href=\"https:\/\/www.supertraction.com.br\/site\/wp-content\/uploads\/2022\/11\/MG_0115.png\" data-attachment-id=\"208\" class=\" fg-thumb\"><img  width=\"200\" height=\"150\" data-src-fg=\"https:\/\/www.supertraction.com.br\/site\/wp-content\/uploads\/cache\/2022\/11\/MG_0115\/3308102468.png\" class=\"fg-image\" \/><\/a><figcaption class=\"fg-caption\"><div class=\"fg-caption-inner\"><\/div><\/figcaption><\/figure><\/div><div class=\"fg-item\"><figure class=\"fg-item-inner\"><a  href=\"https:\/\/www.supertraction.com.br\/site\/wp-content\/uploads\/2022\/11\/MG_0119.png\" data-attachment-id=\"209\" class=\" fg-thumb\"><img  width=\"200\" height=\"150\" data-src-fg=\"https:\/\/www.supertraction.com.br\/site\/wp-content\/uploads\/cache\/2022\/11\/MG_0119\/2265088242.png\" class=\"fg-image\" \/><\/a><figcaption class=\"fg-caption\"><div class=\"fg-caption-inner\"><\/div><\/figcaption><\/figure><\/div><div class=\"fg-item\"><figure class=\"fg-item-inner\"><a  href=\"https:\/\/www.supertraction.com.br\/site\/wp-content\/uploads\/2022\/11\/MG_0192.png\" data-attachment-id=\"210\" class=\" fg-thumb\"><img  width=\"200\" height=\"150\" data-src-fg=\"https:\/\/www.supertraction.com.br\/site\/wp-content\/uploads\/cache\/2022\/11\/MG_0192\/474313987.png\" class=\"fg-image\" \/><\/a><figcaption class=\"fg-caption\"><div class=\"fg-caption-inner\"><\/div><\/figcaption><\/figure><\/div><div class=\"fg-item\"><figure class=\"fg-item-inner\"><a  href=\"https:\/\/www.supertraction.com.br\/site\/wp-content\/uploads\/2022\/11\/TRA\u00c7\u00c3O-01.png\" data-attachment-id=\"213\" class=\" fg-thumb\"><img  width=\"200\" height=\"150\" data-src-fg=\"https:\/\/www.supertraction.com.br\/site\/wp-content\/uploads\/cache\/2022\/11\/TRA\u00c7\u00c3O-01\/2409792385.png\" class=\"fg-image\" \/><\/a><figcaption class=\"fg-caption\"><div class=\"fg-caption-inner\"><\/div><\/figcaption><\/figure><\/div><div class=\"fg-item\"><figure class=\"fg-item-inner\"><a  href=\"https:\/\/www.supertraction.com.br\/site\/wp-content\/uploads\/2022\/11\/TRA\u00c7\u00c3O-02.png\" data-attachment-id=\"214\" class=\" fg-thumb\"><img  width=\"200\" height=\"150\" data-src-fg=\"https:\/\/www.supertraction.com.br\/site\/wp-content\/uploads\/cache\/2022\/11\/TRA\u00c7\u00c3O-02\/384745389.png\" class=\"fg-image\" \/><\/a><figcaption class=\"fg-caption\"><div class=\"fg-caption-inner\"><\/div><\/figcaption><\/figure><\/div><div class=\"fg-item\"><figure class=\"fg-item-inner\"><a  href=\"https:\/\/www.supertraction.com.br\/site\/wp-content\/uploads\/2022\/11\/MOTORES-E-RODAS.png\" data-attachment-id=\"211\" class=\" fg-thumb\"><img  width=\"200\" height=\"150\" data-src-fg=\"https:\/\/www.supertraction.com.br\/site\/wp-content\/uploads\/cache\/2022\/11\/MOTORES-E-RODAS\/4037896991.png\" class=\"fg-image\" \/><\/a><figcaption class=\"fg-caption\"><div class=\"fg-caption-inner\"><\/div><\/figcaption><\/figure><\/div><div class=\"fg-item\"><figure class=\"fg-item-inner\"><a  href=\"https:\/\/www.supertraction.com.br\/site\/wp-content\/uploads\/2022\/11\/RODA.png\" data-attachment-id=\"212\" class=\" fg-thumb\"><img  width=\"200\" height=\"150\" data-src-fg=\"https:\/\/www.supertraction.com.br\/site\/wp-content\/uploads\/cache\/2022\/11\/RODA\/3598294217.png\" class=\"fg-image\" \/><\/a><figcaption class=\"fg-caption\"><div class=\"fg-caption-inner\"><\/div><\/figcaption><\/figure><\/div><div class=\"fg-item\"><figure class=\"fg-item-inner\"><a  href=\"https:\/\/www.supertraction.com.br\/site\/wp-content\/uploads\/2022\/11\/TRA\u00c7\u00c3O.png\" data-attachment-id=\"203\" class=\" fg-thumb\"><img  width=\"200\" height=\"150\" data-src-fg=\"https:\/\/www.supertraction.com.br\/site\/wp-content\/uploads\/cache\/2022\/11\/TRA\u00c7\u00c3O\/4264655556.png\" class=\"fg-image\" \/><\/a><figcaption class=\"fg-caption\"><div class=\"fg-caption-inner\"><\/div><\/figcaption><\/figure><\/div><div class=\"fg-item\"><figure class=\"fg-item-inner\"><a  href=\"https:\/\/www.supertraction.com.br\/site\/wp-content\/uploads\/2022\/11\/TRA\u00c7\u00c3O-CINZA-02.png\" data-attachment-id=\"215\" class=\" fg-thumb\"><img  width=\"200\" height=\"150\" data-src-fg=\"https:\/\/www.supertraction.com.br\/site\/wp-content\/uploads\/cache\/2022\/11\/TRA\u00c7\u00c3O-CINZA-02\/3758814165.png\" class=\"fg-image\" \/><\/a><figcaption class=\"fg-caption\"><div class=\"fg-caption-inner\"><\/div><\/figcaption><\/figure><\/div><div class=\"fg-item\"><figure class=\"fg-item-inner\"><a  href=\"https:\/\/www.supertraction.com.br\/site\/wp-content\/uploads\/2022\/11\/TRA\u00c7\u00c3O-CINZA.png\" data-attachment-id=\"216\" class=\" fg-thumb\"><img  width=\"200\" height=\"150\" data-src-fg=\"https:\/\/www.supertraction.com.br\/site\/wp-content\/uploads\/cache\/2022\/11\/TRA\u00c7\u00c3O-CINZA\/2282104777.png\" class=\"fg-image\" \/><\/a><figcaption class=\"fg-caption\"><div class=\"fg-caption-inner\"><\/div><\/figcaption><\/figure><\/div><div class=\"fg-item\"><figure class=\"fg-item-inner\"><a  href=\"https:\/\/www.supertraction.com.br\/site\/wp-content\/uploads\/2022\/11\/TRA\u00c7\u00c3O-PRETA.png\" data-attachment-id=\"217\" class=\" fg-thumb\"><img  width=\"200\" height=\"150\" data-src-fg=\"https:\/\/www.supertraction.com.br\/site\/wp-content\/uploads\/cache\/2022\/11\/TRA\u00c7\u00c3O-PRETA\/3146905514.png\" class=\"fg-image\" \/><\/a><figcaption class=\"fg-caption\"><div class=\"fg-caption-inner\"><\/div><\/figcaption><\/figure><\/div><\/div>\n\n<div>\n<h3>Caracter\u00edsticas t\u00e9cnicas:<\/h3>\n<ul>\n<li>Diminui\u00e7\u00e3o de consumo de combust\u00edvel<\/li>\n<li>Redu\u00e7\u00e3o da compacta\u00e7\u00e3o do solo, ajudando a maximizar os rendimentos<\/li>\n<li>Aumento de vida \u00fatil do motor e do sistema de transmiss\u00e3o hidrost\u00e1tica<\/li>\n<li>Diminui\u00e7\u00e3o de press\u00e3o do sistema hidrost\u00e1tico<\/li>\n<li>Melhora de movimenta\u00e7\u00e3o e controle de dire\u00e7\u00e3o em manobras<\/li>\n<li>Torque adicional em terrenos com rampas \u00edngremes ou inclinados<\/li>\n<li>Diminui\u00e7\u00e3o do desgaste do pneu dianteiro<\/li>\n<li>Ajuste de altura e largura do eixo<\/li>\n<li>Pode ser montado em qualquer colheitadeira com transmiss\u00e3o hidrost\u00e1tica<\/li>\n<li>Melhora do valor de revenda de sua m\u00e1quina (comprador n\u00e3o perde o valor investido)<\/li>\n<li>Tra\u00e7\u00e3o pode ser acionada a qualquer momento em qualquer velocidade<\/li>\n<\/ul>\n<h3>Fornecido em 3 vers\u00f5es:<\/h3>\n<ul>\n<li>Standart com motor hidrost\u00e1tico de 5200 Nm<\/li>\n<li>High Torque com motor hidrost\u00e1tico de 7000 Nm<\/li>\n<li>Extreme com motor hidrost\u00e1tico de 8400 Nm<\/li>\n<\/ul>\n<h3>Modelos dispon\u00edveis:<\/h3>\n<ul>\n<li>Linha BC 4500, 6500, 7500, 6800, 7800 e 8800<\/li>\n<\/ul>\n<p>&nbsp;<\/p>\n<\/div>\n","protected":false},"excerpt":{"rendered":"<p>Buscando a necessidade de melhor rendimento para a colheita da lavoura em qualquer terreno, a empresa SUPERTRACTION desenvolveu o primeiro sistema de tra\u00e7\u00e3o 4\u00d74 em colheitadeiras com transmiss\u00e3o hidrost\u00e1tica nacional. Usando tecnologia de ponta, esse sistema conta com in\u00fameras vantagens em rela\u00e7\u00e3o \u00e0s tra\u00e7\u00f5es mec\u00e2nicas e originais hidro. Exclusivo bloqueio patenteado hidrost\u00e1tico no eixo traseiro. [&hellip;]<\/p>\n","protected":false},"featured_media":246,"comment_status":"closed","ping_status":"closed","template":"","meta":[],"product_brand":[],"product_cat":[16],"product_tag":[],"class_list":{"0":"post-156","1":"product","2":"type-product","3":"status-publish","4":"has-post-thumbnail","6":"product_cat-uncategorized","8":"first","9":"instock","10":"shipping-taxable","11":"product-type-simple"},"_links":{"self":[{"href":"https:\/\/www.supertraction.com.br\/site\/wp-json\/wp\/v2\/product\/156","targetHints":{"allow":["GET"]}}],"collection":[{"href":"https:\/\/www.supertraction.com.br\/site\/wp-json\/wp\/v2\/product"}],"about":[{"href":"https:\/\/www.supertraction.com.br\/site\/wp-json\/wp\/v2\/types\/product"}],"replies":[{"embeddable":true,"href":"https:\/\/www.supertraction.com.br\/site\/wp-json\/wp\/v2\/comments?post=156"}],"wp:featuredmedia":[{"embeddable":true,"href":"https:\/\/www.supertraction.com.br\/site\/wp-json\/wp\/v2\/media\/246"}],"wp:attachment":[{"href":"https:\/\/www.supertraction.com.br\/site\/wp-json\/wp\/v2\/media?parent=156"}],"wp:term":[{"taxonomy":"product_brand","embeddable":true,"href":"https:\/\/www.supertraction.com.br\/site\/wp-json\/wp\/v2\/product_brand?post=156"},{"taxonomy":"product_cat","embeddable":true,"href":"https:\/\/www.supertraction.com.br\/site\/wp-json\/wp\/v2\/product_cat?post=156"},{"taxonomy":"product_tag","embeddable":true,"href":"https:\/\/www.supertraction.com.br\/site\/wp-json\/wp\/v2\/product_tag?post=156"}],"curies":[{"name":"wp","href":"https:\/\/api.w.org\/{rel}","templated":true}]}}