{"id":7,"date":"2022-11-23T18:10:44","date_gmt":"2022-11-23T18:10:44","guid":{"rendered":"https:\/\/www.supertraction.com.br\/site\/?page_id=7"},"modified":"2024-04-29T12:35:14","modified_gmt":"2024-04-29T15:35:14","slug":"inicio","status":"publish","type":"page","link":"https:\/\/www.supertraction.com.br\/site\/","title":{"rendered":"In\u00edcio"},"content":{"rendered":"<div style=\"display: none;\">\n<p>tra\u00e7\u00e3o para colheitadeira passo fundo valtra passo fundo, traction em passo fundo, case, Passo Fundo RS, case e tra\u00e7\u00e3o para colheitadeira tracionar passo fundo<\/p>\n<h1>case em Passo Fundo,\u00a0traction passo fundo, valtra passo fundo,<\/h1>\n<h2>case em passo fundo, tra\u00e7\u00e3o para colheitadeira passo fundo e regi\u00e3o, valtra passo fundo em passo fundo, case venda traction tra\u00e7\u00e3o para colheitadeira tracionar passo fundo, tra\u00e7\u00e3o para colheitadeira em passo fundo rs, case, para passo fundo e regi\u00e3o, case para passo fundo e regi\u00e3o\u00a0tra\u00e7\u00e3o para colheitadeira tra\u00e7\u00e3o para colheitadeira tra\u00e7\u00e3o para colheitadeira tracionar passo fundo de case em passo fundo, tra\u00e7\u00e3o para colheitadeira passo fundo e regi\u00e3o, valtra passo fundo em passo fundo, case venda traction tra\u00e7\u00e3o para colheitadeira tracionar passo fundo, tra\u00e7\u00e3o para colheitadeira em passo fundo rs, case,<a title=\"tra\u00e7\u00e3o para colheitadeira tra\u00e7\u00e3o para colheitadeira tra\u00e7\u00e3o para colheitadeira tracionar passo fundo de case em passo fundo, tra\u00e7\u00e3o para colheitadeira passo fundo e regi\u00e3o, valtra passo fundo em passo fundo, case venda traction tra\u00e7\u00e3o para colheitadeira tracionar passo fundo, tra\u00e7\u00e3o para colheitadeira em passo fundo rs, case, para passo fundo e regi\u00e3o, case para passo fundo e regi\u00e3o\" href=\"http:\/\/www.supertraction.com.br\">para passo fundo e regi\u00e3o, case para passo fundo e regi\u00e3o\u00a0tra\u00e7\u00e3o para colheitadeira tra\u00e7\u00e3o para colheitadeira tra\u00e7\u00e3o para colheitadeira tracionar passo fundo de case em passo fundo, tra\u00e7\u00e3o para colheitadeira passo fundo e regi\u00e3o, valtra passo fundo em passo fundo, case venda traction tra\u00e7\u00e3o para colheitadeira tracionar passo fundo, tra\u00e7\u00e3o para colheitadeira em passo fundo rs, case<\/a>, para passo fundo e regi\u00e3o, case para passo fundo e regi\u00e3o\u00a0tra\u00e7\u00e3o para colheitadeira tra\u00e7\u00e3o para colheitadeira tra\u00e7\u00e3o para colheitadeira tracionar passo fundo de case em passo fundo, tra\u00e7\u00e3o para colheitadeira passo fundo e regi\u00e3o, valtra passo fundo em passo fundo, case venda traction tra\u00e7\u00e3o para colheitadeira tracionar passo fundo, tra\u00e7\u00e3o para colheitadeira em passo fundo rs, case, para passo fundo e regi\u00e3o, case para passo fundo e regi\u00e3o\u00a0tra\u00e7\u00e3o para colheitadeira tra\u00e7\u00e3o para colheitadeira tra\u00e7\u00e3o para colheitadeira tracionar passo fundo de case em passo fundo, tra\u00e7\u00e3o para colheitadeira passo fundo e regi\u00e3o, valtra passo fundo em passo fundo, case venda traction tra\u00e7\u00e3o para colheitadeira tracionar passo fundo, tra\u00e7\u00e3o para colheitadeira em passo fundo rs, case, para passo fundo e regi\u00e3o,<a title=\"tra\u00e7\u00e3o para colheitadeira tra\u00e7\u00e3o para colheitadeira tra\u00e7\u00e3o para colheitadeira tracionar passo fundo de case em passo fundo, tra\u00e7\u00e3o para colheitadeira passo fundo e regi\u00e3o, valtra passo fundo em passo fundo, case venda traction tra\u00e7\u00e3o para colheitadeira tracionar passo fundo, tra\u00e7\u00e3o para colheitadeira em passo fundo rs, case, para passo fundo e regi\u00e3o, case para passo fundo e regi\u00e3o\" href=\"https:\/\/www.supertraction.com.br\/site\">case para passo fundo e regi\u00e3o\u00a0tra\u00e7\u00e3o para colheitadeira tra\u00e7\u00e3o para colheitadeira tra\u00e7\u00e3o para colheitadeira tracionar passo fundo de case em passo fundo, tra\u00e7\u00e3o para colheitadeira passo fundo e regi\u00e3o, cria\u00e7\u00e3o de sit<\/a>es em passo fundo, case venda traction tra\u00e7\u00e3o para colheitadeira tracionar passo fundo, tra\u00e7\u00e3o para colheitadeira em passo fundo rs, case, para passo fundo e regi\u00e3o, case para passo fundo e regi\u00e3o<\/h2>\n<div id=\"attachment_747\" style=\"width: 353px\" class=\"wp-caption aligncenter\"><a href=\"https:\/\/www.supertraction.com.br\/site\/wp-content\/uploads\/2013\/06\/per\u00edcia-m\u00e9dica-passo-fundo-rs.jpg\"><img decoding=\"async\" aria-describedby=\"caption-attachment-747\" class=\"size-full wp-image-747 \" title=\"tra\u00e7\u00e3o para colheitadeira tra\u00e7\u00e3o para colheitadeira tra\u00e7\u00e3o para colheitadeira tracionar passo fundo de case em Passo Fundo\" src=\"https:\/\/www.supertraction.com.br\/site\/wp-content\/uploads\/2013\/06\/per\u00edcia-m\u00e9dica-passo-fundo-rs.jpg\" alt=\"tra\u00e7\u00e3o para colheitadeira tra\u00e7\u00e3o para colheitadeira tra\u00e7\u00e3o para colheitadeira tracionar passo fundo de case em Passo Fundo\" width=\"343\" height=\"300\"  loading=\"lazy\" \/><\/a><p id=\"caption-attachment-747\" class=\"wp-caption-text\">tra\u00e7\u00e3o para colheitadeira tra\u00e7\u00e3o para colheitadeira tra\u00e7\u00e3o para colheitadeira tracionar passo fundo de case em Passo Fundo<\/p><\/div>\n<\/div>\n","protected":false},"excerpt":{"rendered":"<p>tra\u00e7\u00e3o para colheitadeira passo fundo valtra passo fundo, traction em passo fundo, case, Passo Fundo RS, case e tra\u00e7\u00e3o para colheitadeira tracionar passo fundo case em Passo Fundo,\u00a0traction passo fundo, valtra passo fundo, case em passo fundo, tra\u00e7\u00e3o para colheitadeira passo fundo e regi\u00e3o, valtra passo fundo em passo fundo, case venda traction tra\u00e7\u00e3o para [&hellip;]<\/p>\n","protected":false},"author":1,"featured_media":0,"parent":0,"menu_order":0,"comment_status":"closed","ping_status":"closed","template":"template-inicio.php","meta":{"footnotes":""},"class_list":["post-7","page","type-page","status-publish","hentry"],"_links":{"self":[{"href":"https:\/\/www.supertraction.com.br\/site\/wp-json\/wp\/v2\/pages\/7","targetHints":{"allow":["GET"]}}],"collection":[{"href":"https:\/\/www.supertraction.com.br\/site\/wp-json\/wp\/v2\/pages"}],"about":[{"href":"https:\/\/www.supertraction.com.br\/site\/wp-json\/wp\/v2\/types\/page"}],"author":[{"embeddable":true,"href":"https:\/\/www.supertraction.com.br\/site\/wp-json\/wp\/v2\/users\/1"}],"replies":[{"embeddable":true,"href":"https:\/\/www.supertraction.com.br\/site\/wp-json\/wp\/v2\/comments?post=7"}],"version-history":[{"count":4,"href":"https:\/\/www.supertraction.com.br\/site\/wp-json\/wp\/v2\/pages\/7\/revisions"}],"predecessor-version":[{"id":232,"href":"https:\/\/www.supertraction.com.br\/site\/wp-json\/wp\/v2\/pages\/7\/revisions\/232"}],"wp:attachment":[{"href":"https:\/\/www.supertraction.com.br\/site\/wp-json\/wp\/v2\/media?parent=7"}],"curies":[{"name":"wp","href":"https:\/\/api.w.org\/{rel}","templated":true}]}}